{"id":27417,"date":"2024-09-17T07:50:47","date_gmt":"2024-09-17T06:50:47","guid":{"rendered":"https:\/\/wordpress-583806-4798031.cloudwaysapps.com\/tack-for-att-du-prenumererar-pa-nyhetsbrevet\/"},"modified":"2024-09-17T07:53:42","modified_gmt":"2024-09-17T06:53:42","slug":"thank-you-for-subscribing-to-the-newsletter","status":"publish","type":"page","link":"https:\/\/informator.se\/en\/thank-you-for-subscribing-to-the-newsletter\/","title":{"rendered":"Thank you for subscribing to the newsletter!"},"content":{"rendered":"\t\t<div data-elementor-type=\"wp-page\" data-elementor-id=\"27417\" class=\"elementor elementor-27417 elementor-27410\" data-elementor-post-type=\"page\">\n\t\t\t\t<div class=\"elementor-element elementor-element-81a7956 e-flex e-con-boxed e-con e-parent\" data-id=\"81a7956\" data-element_type=\"container\" data-e-type=\"container\" data-settings=\"{&quot;background_background&quot;:&quot;classic&quot;,&quot;jet_parallax_layout_list&quot;:[]}\">\n\t\t\t\t\t<div class=\"e-con-inner\">\n\t\t<div class=\"elementor-element elementor-element-ca3fd08 e-con-full e-flex elementor-invisible e-con e-child\" data-id=\"ca3fd08\" data-element_type=\"container\" data-e-type=\"container\" data-settings=\"{&quot;animation&quot;:&quot;fadeInUp&quot;,&quot;jet_parallax_layout_list&quot;:[]}\">\n\t\t\t\t<div class=\"elementor-element elementor-element-fc09ab6 elementor-widget elementor-widget-heading\" data-id=\"fc09ab6\" data-element_type=\"widget\" data-e-type=\"widget\" data-widget_type=\"heading.default\">\n\t\t\t\t\t<h2 class=\"elementor-heading-title elementor-size-default\">Tack f\u00f6r att du prenumererar p\u00e5 nyhetsbrevet!\n<\/h2>\t\t\t\t<\/div>\n\t\t\t\t<div class=\"elementor-element elementor-element-95527f4 elementor-widget elementor-widget-text-editor\" data-id=\"95527f4\" data-element_type=\"widget\" data-e-type=\"widget\" data-widget_type=\"text-editor.default\">\n\t\t\t\t\t\t\t\t\t<p>Som prenumerant p\u00e5 v\u00e5rt nyhetsbrev f\u00e5r du intressant information om branschnyheter, aktuella utbildningar och Informators kostnadsfria webbseminarier och intressanta blogginl\u00e4gg.<\/p><p>V\u00e5rt nyhetsbrev kommer i din e-post 1-2 g\u00e5nger i m\u00e5naden.<br \/>Dess prenumeration \u00e4r gratis och du kan s\u00e4ga upp det n\u00e4r som helst fr\u00e5n l\u00e4nken i slutet av brevet.<\/p>\t\t\t\t\t\t\t\t<\/div>\n\t\t\t\t<\/div>\n\t\t\t\t\t<\/div>\n\t\t\t\t<\/div>\n\t\t\t\t<\/div>\n\t\t","protected":false},"excerpt":{"rendered":"<p>Tack f\u00f6r att du prenumererar p\u00e5 nyhetsbrevet! Som prenumerant p\u00e5 v\u00e5rt nyhetsbrev f\u00e5r du intressant information om branschnyheter, aktuella utbildningar och Informators kostnadsfria webbseminarier och intressanta blogginl\u00e4gg. V\u00e5rt nyhetsbrev kommer i din e-post 1-2 g\u00e5nger i m\u00e5naden.Dess prenumeration \u00e4r gratis och du kan s\u00e4ga upp det n\u00e4r som helst fr\u00e5n l\u00e4nken i slutet av brevet.<\/p>\n","protected":false},"author":1,"featured_media":0,"parent":0,"menu_order":0,"comment_status":"closed","ping_status":"closed","template":"elementor_header_footer","meta":{"om_disable_all_campaigns":false,"_monsterinsights_skip_tracking":false,"_monsterinsights_sitenote_active":false,"_monsterinsights_sitenote_note":"","_monsterinsights_sitenote_category":0,"footnotes":""},"class_list":["post-27417","page","type-page","status-publish","hentry"],"aioseo_notices":[],"_links":{"self":[{"href":"https:\/\/informator.se\/en\/wp-json\/wp\/v2\/pages\/27417","targetHints":{"allow":["GET"]}}],"collection":[{"href":"https:\/\/informator.se\/en\/wp-json\/wp\/v2\/pages"}],"about":[{"href":"https:\/\/informator.se\/en\/wp-json\/wp\/v2\/types\/page"}],"author":[{"embeddable":true,"href":"https:\/\/informator.se\/en\/wp-json\/wp\/v2\/users\/1"}],"replies":[{"embeddable":true,"href":"https:\/\/informator.se\/en\/wp-json\/wp\/v2\/comments?post=27417"}],"version-history":[{"count":2,"href":"https:\/\/informator.se\/en\/wp-json\/wp\/v2\/pages\/27417\/revisions"}],"predecessor-version":[{"id":27419,"href":"https:\/\/informator.se\/en\/wp-json\/wp\/v2\/pages\/27417\/revisions\/27419"}],"wp:attachment":[{"href":"https:\/\/informator.se\/en\/wp-json\/wp\/v2\/media?parent=27417"}],"curies":[{"name":"wp","href":"https:\/\/api.w.org\/{rel}","templated":true}]}}